{"id":2985,"date":"2025-11-11T15:53:20","date_gmt":"2025-11-11T14:53:20","guid":{"rendered":"https:\/\/fs-france.com\/?page_id=2985"},"modified":"2025-11-11T16:15:37","modified_gmt":"2025-11-11T15:15:37","slug":"media-kit","status":"publish","type":"page","link":"https:\/\/fs-france.com\/fr\/media-kit\/","title":{"rendered":"Media kit"},"content":{"rendered":"<div data-elementor-type=\"wp-page\" data-elementor-id=\"2985\" class=\"elementor elementor-2985\">\n\t\t\t\t<div class=\"elementor-element elementor-element-6dd13d61 e-flex e-con-boxed e-con e-child\" data-id=\"6dd13d61\" data-element_type=\"container\">\n\t\t\t\t\t<div class=\"e-con-inner\">\n\t\t<div class=\"elementor-element elementor-element-4a7848ab e-con-full e-flex e-con e-child\" data-id=\"4a7848ab\" data-element_type=\"container\">\n\t\t\t\t<div class=\"elementor-element elementor-element-689e776 elementor-widget elementor-widget-heading\" data-id=\"689e776\" data-element_type=\"widget\" data-widget_type=\"heading.default\">\n\t\t\t\t<div class=\"elementor-widget-container\">\n\t\t\t\t\t<h6 class=\"elementor-heading-title elementor-size-default\">MEDIA KIT<\/h6>\t\t\t\t<\/div>\n\t\t\t\t<\/div>\n\t\t\t\t<div class=\"elementor-element elementor-element-72a668ec elementor-widget elementor-widget-heading\" data-id=\"72a668ec\" data-element_type=\"widget\" data-widget_type=\"heading.default\">\n\t\t\t\t<div class=\"elementor-widget-container\">\n\t\t\t\t\t<h3 class=\"elementor-heading-title elementor-size-default\">Use our media kit to access approved logos, images, and brand guidelines.<\/h3>\t\t\t\t<\/div>\n\t\t\t\t<\/div>\n\t\t\t\t<div class=\"elementor-element elementor-element-b73212d elementor-align-center elementor-widget elementor-widget-button\" data-id=\"b73212d\" data-element_type=\"widget\" data-widget_type=\"button.default\">\n\t\t\t\t<div class=\"elementor-widget-container\">\n\t\t\t\t\t\t\t\t\t<div class=\"elementor-button-wrapper\">\n\t\t\t\t\t<a class=\"elementor-button elementor-button-link elementor-size-sm\" href=\"https:\/\/fs-france.com\/wp-content\/uploads\/2025\/11\/Branding-Pack-1-0-11-11-2025.zip\">\n\t\t\t\t\t\t<span class=\"elementor-button-content-wrapper\">\n\t\t\t\t\t\t\t\t\t<span class=\"elementor-button-text\">DOWNLOAD OUR MEDIA KIT<\/span>\n\t\t\t\t\t<\/span>\n\t\t\t\t\t<\/a>\n\t\t\t\t<\/div>\n\t\t\t\t\t\t\t\t<\/div>\n\t\t\t\t<\/div>\n\t\t\t\t<\/div>\n\t\t\t\t\t<\/div>\n\t\t\t\t<\/div>\n\t\t\t\t<\/div>","protected":false},"excerpt":{"rendered":"<p>MEDIA KIT Use our media kit to access approved logos, images, and brand guidelines. DOWNLOAD OUR MEDIA KIT<\/p>","protected":false},"author":341,"featured_media":0,"parent":0,"menu_order":0,"comment_status":"closed","ping_status":"closed","template":"","meta":{"_acf_changed":false,"content-type":"","_uag_custom_page_level_css":"","site-sidebar-layout":"no-sidebar","site-content-layout":"page-builder","ast-site-content-layout":"full-width-container","site-content-style":"default","site-sidebar-style":"default","ast-global-header-display":"","ast-banner-title-visibility":"","ast-main-header-display":"","ast-hfb-above-header-display":"","ast-hfb-below-header-display":"","ast-hfb-mobile-header-display":"","site-post-title":"disabled","ast-breadcrumbs-content":"","ast-featured-img":"disabled","footer-sml-layout":"","ast-disable-related-posts":"","theme-transparent-header-meta":"","adv-header-id-meta":"","stick-header-meta":"","header-above-stick-meta":"","header-main-stick-meta":"","header-below-stick-meta":"","astra-migrate-meta-layouts":"set","ast-page-background-enabled":"default","ast-page-background-meta":{"desktop":{"background-color":"var(--ast-global-color-4)","background-image":"","background-repeat":"repeat","background-position":"center center","background-size":"auto","background-attachment":"scroll","background-type":"","background-media":"","overlay-type":"","overlay-color":"","overlay-opacity":"","overlay-gradient":""},"tablet":{"background-color":"","background-image":"","background-repeat":"repeat","background-position":"center center","background-size":"auto","background-attachment":"scroll","background-type":"","background-media":"","overlay-type":"","overlay-color":"","overlay-opacity":"","overlay-gradient":""},"mobile":{"background-color":"","background-image":"","background-repeat":"repeat","background-position":"center center","background-size":"auto","background-attachment":"scroll","background-type":"","background-media":"","overlay-type":"","overlay-color":"","overlay-opacity":"","overlay-gradient":""}},"ast-content-background-meta":{"desktop":{"background-color":"var(--ast-global-color-5)","background-image":"","background-repeat":"repeat","background-position":"center center","background-size":"auto","background-attachment":"scroll","background-type":"","background-media":"","overlay-type":"","overlay-color":"","overlay-opacity":"","overlay-gradient":""},"tablet":{"background-color":"var(--ast-global-color-5)","background-image":"","background-repeat":"repeat","background-position":"center center","background-size":"auto","background-attachment":"scroll","background-type":"","background-media":"","overlay-type":"","overlay-color":"","overlay-opacity":"","overlay-gradient":""},"mobile":{"background-color":"var(--ast-global-color-5)","background-image":"","background-repeat":"repeat","background-position":"center center","background-size":"auto","background-attachment":"scroll","background-type":"","background-media":"","overlay-type":"","overlay-color":"","overlay-opacity":"","overlay-gradient":""}},"footnotes":""},"class_list":["post-2985","page","type-page","status-publish","hentry"],"acf":[],"spectra_custom_meta":{"surerank_seo_checks":["a:10:{s:14:\"h2_subheadings\";a:2:{s:6:\"status\";s:7:\"success\";s:7:\"message\";s:40:\"La page contient au moins un sous-titre.\";}s:13:\"media_present\";a:2:{s:6:\"status\";s:7:\"warning\";s:7:\"message\";s:47:\"Aucune image ou vid\u00e9o trouv\u00e9e sur cette page.\";}s:13:\"links_present\";a:2:{s:6:\"status\";s:7:\"success\";s:7:\"message\";s:37:\"Des liens sont pr\u00e9sents sur la page.\";}s:10:\"url_length\";a:2:{s:6:\"status\";s:7:\"success\";s:7:\"message\";s:54:\"L'URL de la page est courte et conviviale pour le SEO.\";}s:19:\"search_engine_title\";a:2:{s:6:\"status\";s:7:\"success\";s:7:\"message\";s:77:\"Le titre du moteur de recherche est pr\u00e9sent et fait moins de 60 caract\u00e8res.\";}s:25:\"search_engine_description\";a:2:{s:6:\"status\";s:7:\"success\";s:7:\"message\";s:85:\"La description du moteur de recherche est pr\u00e9sente et fait moins de 160 caract\u00e8res.\";}s:13:\"canonical_url\";a:2:{s:6:\"status\";s:7:\"success\";s:7:\"message\";s:46:\"La balise canonique est pr\u00e9sente sur la page.\";}s:15:\"open_graph_tags\";a:2:{s:6:\"status\";s:7:\"success\";s:7:\"message\";s:51:\"Les balises Open Graph sont pr\u00e9sentes sur la page.\";}s:12:\"broken_links\";a:2:{s:6:\"status\";s:7:\"success\";s:7:\"message\";s:38:\"Aucun lien bris\u00e9 trouv\u00e9 sur la page.\";}s:9:\"all_links\";a:1:{i:0;s:81:\"https:\/\/fs-france.com\/wp-content\/uploads\/2025\/11\/Branding-Pack-1-0-11-11-2025.zip\";}}"],"surerank_seo_checks_last_updated":["1762874137"],"_edit_lock":["1762874980:341"],"_g_feedback_shortcode_3330684467f9c36b919f4728f01baf92c4eb3100":["\n\t\t\t\t[contact-field label=\"Nom\" type=\"name\"  required=\"true\" \/]\n\t\t\t\t[contact-field label=\"E-mail\" type=\"email\" required=\"true\" \/]\n\t\t\t\t[contact-field label=\"Site web\" type=\"url\" \/]\n\t\t\t\t[contact-field label=\"Message\" type=\"textarea\" \/]"],"_g_feedback_shortcode_atts_3330684467f9c36b919f4728f01baf92c4eb3100":["a:18:{s:2:\"to\";s:28:\"robin.messiaen@fs-france.com\";s:7:\"subject\";s:21:\"[FS France] Media kit\";s:12:\"show_subject\";s:2:\"no\";s:6:\"widget\";i:0;s:14:\"block_template\";N;s:19:\"block_template_part\";N;s:2:\"id\";i:2985;s:18:\"submit_button_text\";s:7:\"Envoyer\";s:14:\"customThankyou\";s:0:\"\";s:21:\"customThankyouHeading\";s:29:\"Votre message a \u00e9t\u00e9 envoy\u00e9\";s:21:\"customThankyouMessage\";s:30:\"Merci pour votre soumission\u00a0!\";s:22:\"customThankyouRedirect\";s:0:\"\";s:10:\"jetpackCRM\";b:1;s:9:\"className\";N;s:9:\"postToUrl\";N;s:14:\"salesforceData\";N;s:12:\"hiddenFields\";N;s:14:\"stepTransition\";s:10:\"fade-slide\";}"],"_uag_custom_page_level_css":[""],"site-sidebar-layout":["no-sidebar"],"site-content-layout":["page-builder"],"ast-site-content-layout":["full-width-container"],"site-content-style":["default"],"site-sidebar-style":["default"],"ast-global-header-display":[""],"ast-banner-title-visibility":[""],"ast-main-header-display":[""],"ast-hfb-above-header-display":[""],"ast-hfb-below-header-display":[""],"ast-hfb-mobile-header-display":[""],"site-post-title":["disabled"],"ast-breadcrumbs-content":[""],"ast-featured-img":["disabled"],"footer-sml-layout":[""],"theme-transparent-header-meta":[""],"adv-header-id-meta":[""],"stick-header-meta":[""],"header-above-stick-meta":[""],"header-main-stick-meta":[""],"header-below-stick-meta":[""],"astra-migrate-meta-layouts":["set"],"ast-page-background-enabled":["default"],"ast-page-background-meta":["a:3:{s:7:\"desktop\";a:12:{s:16:\"background-color\";s:25:\"var(--ast-global-color-4)\";s:16:\"background-image\";s:0:\"\";s:17:\"background-repeat\";s:6:\"repeat\";s:19:\"background-position\";s:13:\"center center\";s:15:\"background-size\";s:4:\"auto\";s:21:\"background-attachment\";s:6:\"scroll\";s:15:\"background-type\";s:0:\"\";s:16:\"background-media\";s:0:\"\";s:12:\"overlay-type\";s:0:\"\";s:13:\"overlay-color\";s:0:\"\";s:15:\"overlay-opacity\";s:0:\"\";s:16:\"overlay-gradient\";s:0:\"\";}s:6:\"tablet\";a:12:{s:16:\"background-color\";s:0:\"\";s:16:\"background-image\";s:0:\"\";s:17:\"background-repeat\";s:6:\"repeat\";s:19:\"background-position\";s:13:\"center center\";s:15:\"background-size\";s:4:\"auto\";s:21:\"background-attachment\";s:6:\"scroll\";s:15:\"background-type\";s:0:\"\";s:16:\"background-media\";s:0:\"\";s:12:\"overlay-type\";s:0:\"\";s:13:\"overlay-color\";s:0:\"\";s:15:\"overlay-opacity\";s:0:\"\";s:16:\"overlay-gradient\";s:0:\"\";}s:6:\"mobile\";a:12:{s:16:\"background-color\";s:0:\"\";s:16:\"background-image\";s:0:\"\";s:17:\"background-repeat\";s:6:\"repeat\";s:19:\"background-position\";s:13:\"center center\";s:15:\"background-size\";s:4:\"auto\";s:21:\"background-attachment\";s:6:\"scroll\";s:15:\"background-type\";s:0:\"\";s:16:\"background-media\";s:0:\"\";s:12:\"overlay-type\";s:0:\"\";s:13:\"overlay-color\";s:0:\"\";s:15:\"overlay-opacity\";s:0:\"\";s:16:\"overlay-gradient\";s:0:\"\";}}"],"ast-content-background-meta":["a:3:{s:7:\"desktop\";a:12:{s:16:\"background-color\";s:25:\"var(--ast-global-color-5)\";s:16:\"background-image\";s:0:\"\";s:17:\"background-repeat\";s:6:\"repeat\";s:19:\"background-position\";s:13:\"center center\";s:15:\"background-size\";s:4:\"auto\";s:21:\"background-attachment\";s:6:\"scroll\";s:15:\"background-type\";s:0:\"\";s:16:\"background-media\";s:0:\"\";s:12:\"overlay-type\";s:0:\"\";s:13:\"overlay-color\";s:0:\"\";s:15:\"overlay-opacity\";s:0:\"\";s:16:\"overlay-gradient\";s:0:\"\";}s:6:\"tablet\";a:12:{s:16:\"background-color\";s:25:\"var(--ast-global-color-5)\";s:16:\"background-image\";s:0:\"\";s:17:\"background-repeat\";s:6:\"repeat\";s:19:\"background-position\";s:13:\"center center\";s:15:\"background-size\";s:4:\"auto\";s:21:\"background-attachment\";s:6:\"scroll\";s:15:\"background-type\";s:0:\"\";s:16:\"background-media\";s:0:\"\";s:12:\"overlay-type\";s:0:\"\";s:13:\"overlay-color\";s:0:\"\";s:15:\"overlay-opacity\";s:0:\"\";s:16:\"overlay-gradient\";s:0:\"\";}s:6:\"mobile\";a:12:{s:16:\"background-color\";s:25:\"var(--ast-global-color-5)\";s:16:\"background-image\";s:0:\"\";s:17:\"background-repeat\";s:6:\"repeat\";s:19:\"background-position\";s:13:\"center center\";s:15:\"background-size\";s:4:\"auto\";s:21:\"background-attachment\";s:6:\"scroll\";s:15:\"background-type\";s:0:\"\";s:16:\"background-media\";s:0:\"\";s:12:\"overlay-type\";s:0:\"\";s:13:\"overlay-color\";s:0:\"\";s:15:\"overlay-opacity\";s:0:\"\";s:16:\"overlay-gradient\";s:0:\"\";}}"],"footnotes":[""],"_elementor_edit_mode":["builder"],"_elementor_template_type":["wp-page"],"_elementor_data":["[{\"id\":\"6dd13d61\",\"elType\":\"container\",\"settings\":{\"flex_direction\":\"column\",\"padding\":{\"unit\":\"px\",\"top\":\"100\",\"right\":\"40\",\"bottom\":\"0\",\"left\":\"40\",\"isLinked\":false},\"padding_tablet\":{\"unit\":\"px\",\"top\":\"40\",\"right\":\"32\",\"bottom\":\"40\",\"left\":\"32\",\"isLinked\":false},\"padding_mobile\":{\"unit\":\"px\",\"top\":\"20\",\"right\":\"24\",\"bottom\":\"0\",\"left\":\"24\",\"isLinked\":false},\"_title\":\"Container\"},\"elements\":[{\"id\":\"4a7848ab\",\"elType\":\"container\",\"settings\":{\"content_width\":\"full\",\"flex_gap\":{\"column\":\"0\",\"row\":\"0\",\"isLinked\":true,\"unit\":\"px\",\"size\":0},\"padding\":{\"unit\":\"px\",\"top\":\"0\",\"right\":\"0\",\"bottom\":\"0\",\"left\":\"0\",\"isLinked\":false}},\"elements\":[{\"id\":\"689e776\",\"elType\":\"widget\",\"settings\":{\"content_width\":\"full\",\"title\":\"MEDIA KIT\",\"header_size\":\"h6\",\"align\":\"center\",\"__globals__\":{\"title_color\":\"globals\\\/colors?id=astglobalcolor1\"}},\"elements\":[],\"widgetType\":\"heading\"},{\"id\":\"72a668ec\",\"elType\":\"widget\",\"settings\":{\"content_width\":\"full\",\"title\":\"Use our media kit to access approved logos, images, and brand guidelines.\",\"header_size\":\"h3\",\"align\":\"center\",\"_padding\":{\"unit\":\"px\",\"top\":\"0\",\"right\":\"60\",\"bottom\":\"0\",\"left\":\"60\",\"isLinked\":false},\"_padding_tablet\":{\"unit\":\"px\",\"top\":\"0\",\"right\":\"0\",\"bottom\":\"0\",\"left\":\"0\",\"isLinked\":false}},\"elements\":[],\"widgetType\":\"heading\"},{\"id\":\"b73212d\",\"elType\":\"widget\",\"settings\":{\"content_width\":\"full\",\"text\":\"DOWNLOAD OUR MEDIA KIT\",\"link\":{\"url\":\"https:\\\/\\\/fs-france.com\\\/wp-content\\\/uploads\\\/2025\\\/11\\\/Branding-Pack-1-0-11-11-2025.zip\",\"is_external\":\"\",\"nofollow\":\"\",\"custom_attributes\":\"\"},\"align\":\"center\",\"_margin\":{\"unit\":\"px\",\"top\":\"50\",\"right\":\"50\",\"bottom\":\"50\",\"left\":\"50\",\"isLinked\":true},\"icon_align\":\"left\",\"_margin_mobile\":{\"unit\":\"px\",\"top\":\"50\",\"right\":\"50\",\"bottom\":\"50\",\"left\":\"50\",\"isLinked\":true}},\"elements\":[],\"widgetType\":\"button\"}],\"isInner\":true}],\"isInner\":true}]"],"_edit_last":["341"],"um_content_restriction":["a:8:{s:26:\"_um_custom_access_settings\";b:0;s:14:\"_um_accessible\";i:0;s:28:\"_um_access_hide_from_queries\";b:0;s:19:\"_um_noaccess_action\";i:0;s:30:\"_um_restrict_by_custom_message\";i:0;s:27:\"_um_restrict_custom_message\";s:0:\"\";s:19:\"_um_access_redirect\";i:0;s:23:\"_um_access_redirect_url\";s:0:\"\";}"],"_elementor_version":["3.30.2"],"_astra_content_layout_flag":["disabled"],"ast-title-bar-display":["disabled"],"_wp_page_template":["default"],"_elementor_page_assets":["a:2:{s:6:\"styles\";a:1:{i:0;s:14:\"widget-heading\";}s:7:\"scripts\";a:1:{i:0;s:18:\"elementor-frontend\";}}"],"_elementor_page_settings":[""],"_uag_page_assets":["a:9:{s:3:\"css\";s:2065:\".uag-blocks-common-selector{z-index:var(--z-index-desktop) !important}@media (max-width: 976px){.uag-blocks-common-selector{z-index:var(--z-index-tablet) !important}}@media (max-width: 767px){.uag-blocks-common-selector{z-index:var(--z-index-mobile) !important}}\n.wp-block-uagb-advanced-heading h1,.wp-block-uagb-advanced-heading h2,.wp-block-uagb-advanced-heading h3,.wp-block-uagb-advanced-heading h4,.wp-block-uagb-advanced-heading h5,.wp-block-uagb-advanced-heading h6,.wp-block-uagb-advanced-heading p,.wp-block-uagb-advanced-heading div{word-break:break-word}.wp-block-uagb-advanced-heading .uagb-heading-text{margin:0}.wp-block-uagb-advanced-heading .uagb-desc-text{margin:0}.wp-block-uagb-advanced-heading .uagb-separator{font-size:0;border-top-style:solid;display:inline-block;margin:0 0 10px 0}.wp-block-uagb-advanced-heading .uagb-highlight{color:#f78a0c;border:0;transition:all 0.3s ease}.uag-highlight-toolbar{border-left:0;border-top:0;border-bottom:0;border-radius:0;border-right-color:#1e1e1e}.uag-highlight-toolbar .components-button{border-radius:0;outline:none}.uag-highlight-toolbar .components-button.is-primary{color:#fff}\n.wp-block-uagb-advanced-heading.uagb-block-39e1a402.wp-block-uagb-advanced-heading .uagb-desc-text{color: var(--ast-global-color-2);margin-bottom: 15px;}.wp-block-uagb-advanced-heading.uagb-block-39e1a402.wp-block-uagb-advanced-heading .uagb-highlight{font-style: normal;font-weight: Default;background: #007cba;color: #fff;-webkit-text-fill-color: #fff;}.wp-block-uagb-advanced-heading.uagb-block-39e1a402.wp-block-uagb-advanced-heading .uagb-highlight::-moz-selection{color: #fff;background: #007cba;-webkit-text-fill-color: #fff;}.wp-block-uagb-advanced-heading.uagb-block-39e1a402.wp-block-uagb-advanced-heading .uagb-highlight::selection{color: #fff;background: #007cba;-webkit-text-fill-color: #fff;}.wp-block-uagb-advanced-heading.uagb-block-39e1a402 .uagb-heading-text{font-family: \"Archivo Black\";text-transform: none;font-weight: 400;font-size: 25px;line-height: 1.5em;letter-spacing: 0px;margin-bottom: 15px;}\";s:2:\"js\";s:0:\"\";s:18:\"current_block_list\";a:8:{i:0;s:11:\"core\/search\";i:1;s:10:\"core\/group\";i:2;s:12:\"core\/heading\";i:3;s:17:\"core\/latest-posts\";i:4;s:20:\"core\/latest-comments\";i:5;s:13:\"core\/archives\";i:6;s:15:\"core\/categories\";i:7;s:21:\"uagb\/advanced-heading\";}s:8:\"uag_flag\";b:1;s:11:\"uag_version\";s:10:\"1777364956\";s:6:\"gfonts\";a:1:{s:13:\"Archivo Black\";a:2:{s:10:\"fontfamily\";s:13:\"Archivo Black\";s:12:\"fontvariants\";a:1:{i:0;s:3:\"400\";}}}s:10:\"gfonts_url\";s:0:\"\";s:12:\"gfonts_files\";a:0:{}s:14:\"uag_faq_layout\";b:0;}"],"_elementor_css":["a:6:{s:4:\"time\";i:1762923982;s:5:\"fonts\";a:0:{}s:5:\"icons\";a:1:{i:0;s:0:\"\";}s:20:\"dynamic_elements_ids\";a:0:{}s:6:\"status\";s:4:\"file\";i:0;s:0:\"\";}"],"_uag_css_file_name":["uag-css-2985.css"]},"uagb_featured_image_src":{"full":false,"thumbnail":false,"medium":false,"medium_large":false,"large":false,"1536x1536":false,"2048x2048":false,"trp-custom-language-flag":false},"uagb_author_info":{"display_name":"Robin Messiaen","author_link":"https:\/\/fs-france.com\/fr\/author\/rmn\/"},"uagb_comment_info":0,"uagb_excerpt":"MEDIA KIT Use our media kit to access approved logos, images, and brand guidelines. DOWNLOAD OUR MEDIA KIT","jetpack_sharing_enabled":true,"_links":{"self":[{"href":"https:\/\/fs-france.com\/fr\/wp-json\/wp\/v2\/pages\/2985","targetHints":{"allow":["GET"]}}],"collection":[{"href":"https:\/\/fs-france.com\/fr\/wp-json\/wp\/v2\/pages"}],"about":[{"href":"https:\/\/fs-france.com\/fr\/wp-json\/wp\/v2\/types\/page"}],"author":[{"embeddable":true,"href":"https:\/\/fs-france.com\/fr\/wp-json\/wp\/v2\/users\/341"}],"replies":[{"embeddable":true,"href":"https:\/\/fs-france.com\/fr\/wp-json\/wp\/v2\/comments?post=2985"}],"version-history":[{"count":0,"href":"https:\/\/fs-france.com\/fr\/wp-json\/wp\/v2\/pages\/2985\/revisions"}],"wp:attachment":[{"href":"https:\/\/fs-france.com\/fr\/wp-json\/wp\/v2\/media?parent=2985"}],"curies":[{"name":"wp","href":"https:\/\/api.w.org\/{rel}","templated":true}]}}